
{"id":2,"date":"2020-01-02T13:28:58","date_gmt":"2020-01-02T12:28:58","guid":{"rendered":"http:\/\/localhost\/dashboard\/OLEPETTER\/WORDPRESS\/Smorasstats_WP\/?page_id=2"},"modified":"2021-10-02T15:27:20","modified_gmt":"2021-10-02T13:27:20","slug":"testside","status":"publish","type":"page","link":"https:\/\/smorasstats.com\/v4\/","title":{"rendered":"Hjem"},"content":{"rendered":"\n<div class=\"wp-block-columns is-layout-flex wp-container-core-columns-is-layout-9d6595d7 wp-block-columns-is-layout-flex\">\n<div class=\"wp-block-column is-layout-flow wp-block-column-is-layout-flow\">\n<div class=\"wp-block-cover has-background-dim\" style=\"min-height:157px;aspect-ratio:unset;\"><img loading=\"lazy\" decoding=\"async\" width=\"640\" height=\"256\" class=\"wp-block-cover__image-background wp-image-1529\" alt=\"\" src=\"https:\/\/smorasstats.com\/v4\/wp-content\/uploads\/2020\/04\/smorasa.jpg\" data-object-fit=\"cover\" srcset=\"https:\/\/smorasstats.com\/v4\/wp-content\/uploads\/2020\/04\/smorasa.jpg 640w, https:\/\/smorasstats.com\/v4\/wp-content\/uploads\/2020\/04\/smorasa-300x120.jpg 300w\" sizes=\"auto, (max-width: 640px) 100vw, 640px\" \/><div class=\"wp-block-cover__inner-container is-layout-flow wp-block-cover-is-layout-flow\">\n<p class=\"has-text-align-center\" style=\"font-size:24px\"><a href=\"https:\/\/smorasstats.com\/v4\/team\/smoras\/\">A-laget<\/a><\/p>\n<\/div><\/div>\n<\/div>\n\n\n\n<div class=\"wp-block-column is-layout-flow wp-block-column-is-layout-flow\">\n<div class=\"wp-block-cover has-background-dim\" style=\"min-height:157px;aspect-ratio:unset;\"><img loading=\"lazy\" decoding=\"async\" width=\"960\" height=\"385\" class=\"wp-block-cover__image-background wp-image-1527\" alt=\"\" src=\"https:\/\/smorasstats.com\/v4\/wp-content\/uploads\/2019\/03\/smorasb.jpg\" data-object-fit=\"cover\" srcset=\"https:\/\/smorasstats.com\/v4\/wp-content\/uploads\/2019\/03\/smorasb.jpg 960w, https:\/\/smorasstats.com\/v4\/wp-content\/uploads\/2019\/03\/smorasb-300x120.jpg 300w, https:\/\/smorasstats.com\/v4\/wp-content\/uploads\/2019\/03\/smorasb-768x308.jpg 768w\" sizes=\"auto, (max-width: 960px) 100vw, 960px\" \/><div class=\"wp-block-cover__inner-container is-layout-flow wp-block-cover-is-layout-flow\">\n<p class=\"has-text-align-center\" style=\"font-size:24px\"><a href=\"https:\/\/smorasstats.com\/v4\/team\/smoras-2\/\">B-laget<\/a><\/p>\n<\/div><\/div>\n\n\n\n<p><\/p>\n<\/div>\n\n\n\n<div class=\"wp-block-column is-layout-flow wp-block-column-is-layout-flow\">\n<div class=\"wp-block-cover has-background-dim\" style=\"min-height:156px;aspect-ratio:unset;\"><img loading=\"lazy\" decoding=\"async\" width=\"1000\" height=\"562\" class=\"wp-block-cover__image-background wp-image-1621\" alt=\"\" src=\"https:\/\/smorasstats.com\/v4\/wp-content\/uploads\/2020\/01\/j2-2-1.jpg\" data-object-fit=\"cover\" srcset=\"https:\/\/smorasstats.com\/v4\/wp-content\/uploads\/2020\/01\/j2-2-1.jpg 1000w, https:\/\/smorasstats.com\/v4\/wp-content\/uploads\/2020\/01\/j2-2-1-300x169.jpg 300w, https:\/\/smorasstats.com\/v4\/wp-content\/uploads\/2020\/01\/j2-2-1-768x432.jpg 768w\" sizes=\"auto, (max-width: 1000px) 100vw, 1000px\" \/><div class=\"wp-block-cover__inner-container is-layout-flow wp-block-cover-is-layout-flow\">\n<p class=\"has-text-align-center\" style=\"font-size:24px\"><a href=\"https:\/\/smorasstats.com\/v4\/team\/smoras-damer\/\">Damelaget<\/a><\/p>\n<\/div><\/div>\n<\/div>\n<\/div>\n\n\n\n<div style=\"height:100px\" aria-hidden=\"true\" class=\"wp-block-spacer\"><\/div>\n\n\n\n<div style=\"height:100px\" aria-hidden=\"true\" class=\"wp-block-spacer\"><\/div>\n\n\n\n<div class=\"wp-block-group\"><div class=\"wp-block-group__inner-container is-layout-flow wp-block-group-is-layout-flow\">\n<div class=\"wp-block-columns is-layout-flex wp-container-core-columns-is-layout-9d6595d7 wp-block-columns-is-layout-flex\">\n<div class=\"wp-block-column is-layout-flow wp-block-column-is-layout-flow\" style=\"flex-basis:100%\">\n<div class=\"wp-block-group\"><div class=\"wp-block-group__inner-container is-layout-flow wp-block-group-is-layout-flow\"><ul class=\"wp-block-latest-posts__list has-dates wp-block-latest-posts\"><li><div class=\"wp-block-latest-posts__featured-image\"><img loading=\"lazy\" decoding=\"async\" width=\"790\" height=\"526\" src=\"https:\/\/smorasstats.com\/v4\/wp-content\/uploads\/2020\/02\/aerial-view-of-soccer-field-1171084-1-1024x682.jpg\" class=\"attachment-large size-large wp-post-image\" alt=\"Field\" style=\"\" srcset=\"https:\/\/smorasstats.com\/v4\/wp-content\/uploads\/2020\/02\/aerial-view-of-soccer-field-1171084-1-1024x682.jpg 1024w, https:\/\/smorasstats.com\/v4\/wp-content\/uploads\/2020\/02\/aerial-view-of-soccer-field-1171084-1-600x400.jpg 600w, https:\/\/smorasstats.com\/v4\/wp-content\/uploads\/2020\/02\/aerial-view-of-soccer-field-1171084-1-300x200.jpg 300w, https:\/\/smorasstats.com\/v4\/wp-content\/uploads\/2020\/02\/aerial-view-of-soccer-field-1171084-1-768x512.jpg 768w, https:\/\/smorasstats.com\/v4\/wp-content\/uploads\/2020\/02\/aerial-view-of-soccer-field-1171084-1-1536x1023.jpg 1536w, https:\/\/smorasstats.com\/v4\/wp-content\/uploads\/2020\/02\/aerial-view-of-soccer-field-1171084-1.jpg 1600w\" sizes=\"auto, (max-width: 790px) 100vw, 790px\" \/><\/div><a class=\"wp-block-latest-posts__post-title\" href=\"https:\/\/smorasstats.com\/v4\/2025\/11\/03\/hostcup-runde-1-2025\/\">H\u00f8stcup runde 1 2025<\/a><time datetime=\"2025-11-03T22:27:00+01:00\" class=\"wp-block-latest-posts__post-date\">3. november 2025<\/time><div class=\"wp-block-latest-posts__post-excerpt\"># Spiller R1 R2 Sum Sum &#8211; 2 1 Alexander Smedeg\u00e5rd 12 0 12 12 2 Knut Eriksen Eide 12 0 12 12 3 Markus Evjen 12 0 12 12 4 Markus Kongsbakk 11 0 11 11 5 Fredrik Lie Monsen 10 0 10 10 6 Sander Simpson 10 0&#8230;<\/div><\/li>\n<li><a class=\"wp-block-latest-posts__post-title\" href=\"https:\/\/smorasstats.com\/v4\/2024\/12\/03\/hostcup-runde-8-2024\/\">H\u00f8stcup runde 8 2024<\/a><time datetime=\"2024-12-03T12:38:07+01:00\" class=\"wp-block-latest-posts__post-date\">3. desember 2024<\/time><div class=\"wp-block-latest-posts__post-excerpt\">\u00c5rets vinner av h\u00f8stcup er Sander Simpson, gratulerer! Sander Simpson vant p\u00e5 sv\u00e6rt liten margin, med fjerde beste runde som avgjorde, hans fjerde beste runde var 9 poeng, mot Isak Kristoffersens 8 poeng. Det blir pokal til de \u00f8verste seks plassene.<\/div><\/li>\n<li><a class=\"wp-block-latest-posts__post-title\" href=\"https:\/\/smorasstats.com\/v4\/2024\/11\/24\/hostcup-runde-5-2024\/\">H\u00f8stcup runde 5 2024<\/a><time datetime=\"2024-11-24T14:21:42+01:00\" class=\"wp-block-latest-posts__post-date\">24. november 2024<\/time><div class=\"wp-block-latest-posts__post-excerpt\">Hjemmelag HM\u00c5L Bm\u00e5l Bortelag HP BP R5T1A 0 1 B 0 2 R5T1C 1 0 D 2 0 R5T1E 0 0 F 1 1 R5T1A 4 1 D 3 0 R5T1C 0 1 F 0 3 R5T1E 0 3 B 0 3 Hjemmelag HM\u00c5L BM\u00c5L Bortelag HP BP R5T2A 1&#8230;<\/div><\/li>\n<li><a class=\"wp-block-latest-posts__post-title\" href=\"https:\/\/smorasstats.com\/v4\/2024\/11\/18\/hostcup-runde-4-2024\/\">H\u00f8stcup runde 4 2024<\/a><time datetime=\"2024-11-18T23:40:04+01:00\" class=\"wp-block-latest-posts__post-date\">18. november 2024<\/time><div class=\"wp-block-latest-posts__post-excerpt\"><\/div><\/li>\n<li><a class=\"wp-block-latest-posts__post-title\" href=\"https:\/\/smorasstats.com\/v4\/2024\/11\/14\/hostcup-runde-3-2024\/\">H\u00f8stcup runde 3 2024<\/a><time datetime=\"2024-11-14T12:28:08+01:00\" class=\"wp-block-latest-posts__post-date\">14. november 2024<\/time><div class=\"wp-block-latest-posts__post-excerpt\"><\/div><\/li>\n<li><a class=\"wp-block-latest-posts__post-title\" href=\"https:\/\/smorasstats.com\/v4\/2024\/11\/10\/hostcup-runde-2-2024\/\">H\u00f8stcup runde 2 2024<\/a><time datetime=\"2024-11-10T13:35:41+01:00\" class=\"wp-block-latest-posts__post-date\">10. november 2024<\/time><div class=\"wp-block-latest-posts__post-excerpt\"><\/div><\/li>\n<li><a class=\"wp-block-latest-posts__post-title\" href=\"https:\/\/smorasstats.com\/v4\/2024\/11\/07\/statistikk-b-laget-2024\/\">Statistikk B-laget 2024<\/a><time datetime=\"2024-11-07T21:34:26+01:00\" class=\"wp-block-latest-posts__post-date\">7. november 2024<\/time><div class=\"wp-block-latest-posts__post-excerpt\">Total statistikk for B-laget fra 2011-2024 <\/div><\/li>\n<li><a class=\"wp-block-latest-posts__post-title\" href=\"https:\/\/smorasstats.com\/v4\/2024\/11\/04\/hostcup-runde-1-2024\/\">H\u00f8stcup runde 1 2024<\/a><time datetime=\"2024-11-04T23:27:00+01:00\" class=\"wp-block-latest-posts__post-date\">4. november 2024<\/time><div class=\"wp-block-latest-posts__post-excerpt\"><\/div><\/li>\n<li><a class=\"wp-block-latest-posts__post-title\" href=\"https:\/\/smorasstats.com\/v4\/2024\/04\/12\/seier-for-b-laget-i-serieapningen\/\">Seier for B-laget i serie\u00e5pningen<\/a><time datetime=\"2024-04-12T12:43:41+02:00\" class=\"wp-block-latest-posts__post-date\">12. april 2024<\/time><div class=\"wp-block-latest-posts__post-excerpt\">Hjemme mot Eikelandsfjorden tok Sm\u00f8r\u00e5s 2 en sterk seier 3-1 etter m\u00e5l av Andreas Alkn\u00e6s p\u00e5 assist fra H\u00e5vard Nesse. 1-0 til pause. I andre omgang holdt stillingen seg til halvveis i omgangen, da den flygende bergenser, superinnbytter Jonatan Svemo stanget inn 2-0 p\u00e5 f\u00f8rste stang etter en uts\u00f8kt sl\u00e5tt&#8230;<\/div><\/li>\n<li><div class=\"wp-block-latest-posts__featured-image\"><img loading=\"lazy\" decoding=\"async\" width=\"790\" height=\"593\" src=\"https:\/\/smorasstats.com\/v4\/wp-content\/uploads\/2023\/12\/img_3464-1-1024x768.jpg\" class=\"attachment-large size-large wp-post-image\" alt=\"\" style=\"\" srcset=\"https:\/\/smorasstats.com\/v4\/wp-content\/uploads\/2023\/12\/img_3464-1-1024x768.jpg 1024w, https:\/\/smorasstats.com\/v4\/wp-content\/uploads\/2023\/12\/img_3464-1-300x225.jpg 300w, https:\/\/smorasstats.com\/v4\/wp-content\/uploads\/2023\/12\/img_3464-1-768x576.jpg 768w, https:\/\/smorasstats.com\/v4\/wp-content\/uploads\/2023\/12\/img_3464-1-1536x1152.jpg 1536w, https:\/\/smorasstats.com\/v4\/wp-content\/uploads\/2023\/12\/img_3464-1-2048x1536.jpg 2048w, https:\/\/smorasstats.com\/v4\/wp-content\/uploads\/2023\/12\/img_3464-1-320x240.jpg 320w, https:\/\/smorasstats.com\/v4\/wp-content\/uploads\/2023\/12\/img_3464-1-800x600.jpg 800w\" sizes=\"auto, (max-width: 790px) 100vw, 790px\" \/><\/div><a class=\"wp-block-latest-posts__post-title\" href=\"https:\/\/smorasstats.com\/v4\/2023\/12\/15\/hostcup-runde-8-2023\/\">H\u00f8stcup runde 8 2023<\/a><time datetime=\"2023-12-15T12:20:51+01:00\" class=\"wp-block-latest-posts__post-date\">15. desember 2023<\/time><div class=\"wp-block-latest-posts__post-excerpt\">Jan Krister Rosenlund er \u00e5rets vinner av h\u00f8stcup, gratulerer! # Spiller R1 R2 R3 R4 R5 R6 R7 R8 Sum Sum &#8211; 2 1 Jan Krister Rosenlund 11 3 12 9 8 6 13 8 70 61 2 Mathias Berge 10 8 6 10 5 8 12 7 66 55&#8230;<\/div><\/li>\n<\/ul><\/div><\/div>\n<\/div>\n<\/div>\n<\/div><\/div>\n","protected":false},"excerpt":{"rendered":"","protected":false},"author":1,"featured_media":2291,"parent":0,"menu_order":0,"comment_status":"closed","ping_status":"open","template":"","meta":{"_acf_changed":false,"footnotes":""},"class_list":["post-2","page","type-page","status-publish","has-post-thumbnail","hentry"],"acf":[],"_links":{"self":[{"href":"https:\/\/smorasstats.com\/v4\/wp-json\/wp\/v2\/pages\/2","targetHints":{"allow":["GET"]}}],"collection":[{"href":"https:\/\/smorasstats.com\/v4\/wp-json\/wp\/v2\/pages"}],"about":[{"href":"https:\/\/smorasstats.com\/v4\/wp-json\/wp\/v2\/types\/page"}],"author":[{"embeddable":true,"href":"https:\/\/smorasstats.com\/v4\/wp-json\/wp\/v2\/users\/1"}],"replies":[{"embeddable":true,"href":"https:\/\/smorasstats.com\/v4\/wp-json\/wp\/v2\/comments?post=2"}],"version-history":[{"count":13,"href":"https:\/\/smorasstats.com\/v4\/wp-json\/wp\/v2\/pages\/2\/revisions"}],"predecessor-version":[{"id":2384,"href":"https:\/\/smorasstats.com\/v4\/wp-json\/wp\/v2\/pages\/2\/revisions\/2384"}],"wp:featuredmedia":[{"embeddable":true,"href":"https:\/\/smorasstats.com\/v4\/wp-json\/wp\/v2\/media\/2291"}],"wp:attachment":[{"href":"https:\/\/smorasstats.com\/v4\/wp-json\/wp\/v2\/media?parent=2"}],"curies":[{"name":"wp","href":"https:\/\/api.w.org\/{rel}","templated":true}]}}